{"id":3041,"date":"2025-11-09T16:06:59","date_gmt":"2025-11-09T15:06:59","guid":{"rendered":"http:\/\/ufertavernev3.local\/?page_id=3041"},"modified":"2026-05-05T23:42:32","modified_gmt":"2026-05-05T21:42:32","slug":"restaurant","status":"publish","type":"page","link":"https:\/\/www.ufertaverne.at\/webseite\/","title":{"rendered":"Restaurant"},"content":{"rendered":"\n<div class=\"wp-block-group has-global-padding is-layout-constrained wp-block-group-is-layout-constrained\">\n<div class=\"wp-block-group is-style-section-1 is-layout-flow wp-block-group-is-layout-flow is-style-section-1--1\">\n<h2 class=\"wp-block-heading has-text-align-center\">Willkommen in der Ufertaverne, Ihrem Restaurant in 1220 Wien!<\/h2>\n\n\n\n<p class=\"has-text-align-center is-style-text-subtitle is-style-text-subtitle--2\">Wir freuen uns, dass Sie zu uns gefunden haben. Genie\u00dfen Sie k\u00f6stliche Speisen und erfrischende Getr\u00e4nke, w\u00e4hrend Sie den einmaligen Ausblick auf die Skyline Wiens erleben, direkt am Wasser.<\/p>\n<\/div>\n\n\n\n<div style=\"background-image:url(&apos;https:\/\/www.ufertaverne.at\/webseite\/wp-content\/uploads\/2026\/05\/spargel-highlight-ufertaverne.jpg&apos;);background-position:26% 69%;background-size:cover;background-attachment:scroll;\" class=\"wp-block-group is-style-section-1 has-base-color has-text-color has-link-color wp-elements-74392b75e5f68ba3142c7d74f03b6dd6 is-layout-flow wp-block-group-is-layout-flow has-background is-style-section-1--3\">\n<div class=\"wp-block-group has-background has-global-padding is-layout-constrained wp-container-core-group-is-layout-2ae561bf wp-block-group-is-layout-constrained\" style=\"border-top-left-radius:20px;border-top-right-radius:20px;border-bottom-left-radius:20px;border-bottom-right-radius:20px;background-color:#0000004a;margin-top:var(--wp--preset--spacing--30);margin-bottom:var(--wp--preset--spacing--30);padding-top:var(--wp--preset--spacing--40);padding-right:var(--wp--preset--spacing--40);padding-bottom:var(--wp--preset--spacing--40);padding-left:var(--wp--preset--spacing--40)\">\n<h2 class=\"wp-block-heading has-text-align-center has-base-color has-text-color has-link-color wp-elements-dbaeaefccff4dce41c6eed5d347f0f9f\"><strong><mark style=\"background-color:rgba(0, 0, 0, 0);color:#f0cc05\" class=\"has-inline-color\">Spargelzeit<\/mark> in der Ufertaverne<\/strong>!<\/h2>\n\n\n\n<p class=\"has-text-align-center is-style-text-subtitle is-style-text-subtitle--4\">Frisch, zart und voller Fr\u00fchling \u2013 genie\u00dfen Sie unsere beiden Spargel-Highlights: die <mark style=\"background-color:rgba(0, 0, 0, 0);color:#f0cc05\" class=\"has-inline-color\"><strong>cremige Spargelcremesuppe<\/strong><\/mark> und das <mark style=\"background-color:rgba(0, 0, 0, 0);color:#f0cc05\" class=\"has-inline-color\"><strong>knusprige Spargel-Cordon-bleu<\/strong><\/mark>.<\/p>\n\n\n\n<p class=\"has-text-align-center is-style-default\">Nur im Mai auf unserer Saisonkarte \u2013 Kommen Sie vorbei und sichern Sie sich Ihr St\u00fcck Spargel-Gl\u00fcck direkt am Wasser.<\/p>\n<\/div>\n<\/div>\n\n\n\n<div class=\"wp-block-group has-global-padding is-layout-constrained wp-block-group-is-layout-constrained\">\n<div class=\"wp-block-columns is-layout-flex wp-container-core-columns-is-layout-08c01c1c wp-block-columns-is-layout-flex\">\n<div class=\"wp-block-column is-layout-flow wp-block-column-is-layout-flow\">\n<figure class=\"wp-block-image size-large has-custom-border is-style-default\"><img loading=\"lazy\" decoding=\"async\" width=\"1024\" height=\"768\" src=\"https:\/\/www.ufertaverne.at\/webseite\/wp-content\/uploads\/2025\/02\/uf_14-1024x768.jpg\" alt=\"Ausblick vom Hauptfloss bei Sonnenuntergang im idyllischen Ambiente.\" class=\"wp-image-1573\" style=\"border-top-left-radius:20px;border-top-right-radius:20px;border-bottom-left-radius:20px;border-bottom-right-radius:20px\" srcset=\"https:\/\/www.ufertaverne.at\/webseite\/wp-content\/uploads\/2025\/02\/uf_14-1024x768.jpg 1024w, https:\/\/www.ufertaverne.at\/webseite\/wp-content\/uploads\/2025\/02\/uf_14-300x225.jpg 300w, https:\/\/www.ufertaverne.at\/webseite\/wp-content\/uploads\/2025\/02\/uf_14-768x576.jpg 768w, https:\/\/www.ufertaverne.at\/webseite\/wp-content\/uploads\/2025\/02\/uf_14-1536x1152.jpg 1536w, https:\/\/www.ufertaverne.at\/webseite\/wp-content\/uploads\/2025\/02\/uf_14.jpg 2048w\" sizes=\"auto, (max-width: 1024px) 100vw, 1024px\" \/><\/figure>\n<\/div>\n\n\n\n<div class=\"wp-block-column is-layout-flow wp-block-column-is-layout-flow\">\n<div class=\"wp-block-group is-style-section-1 has-global-padding is-layout-constrained wp-block-group-is-layout-constrained is-style-section-1--5\">\n<h2 class=\"wp-block-heading\">Die Ufertaverne ist ihr kulinarischer R\u00fcckzugsort direkt am Wasser der malerischen Alten Donau.<\/h2>\n\n\n\n<p class=\"has-text-align-left is-style-default\">Erleben Sie eine unvergleichliche Atmosph\u00e4re, wo die Sch\u00f6nheit der Natur und die Kunst der Gastronomie aufeinandertreffen. <\/p>\n\n\n\n<p>Lassen Sie sich von der herrlichen Kulisse verzaubern, w\u00e4hrend Sie k\u00f6stliche Spezialit\u00e4ten genie\u00dfen, die Ihren Gaumen begeistern werden.<\/p>\n\n\n\n<p class=\"has-text-align-left\">Bei uns finden Sie den perfekten Ort f\u00fcr einen entspannten Tag am Wasser, ein romantisches Abendessen bei Sonnenuntergang oder eine unvergessliche Feier. <\/p>\n\n\n\n<div class=\"wp-block-buttons is-layout-flex wp-block-buttons-is-layout-flex\">\n<div class=\"wp-block-button\"><a class=\"wp-block-button__link wp-element-button\" href=\"https:\/\/www.ufertaverne.at\/webseite\/kontakt#oeffnungs-zeiten\">\u00d6ffnungszeiten<\/a><\/div>\n\n\n\n<div class=\"wp-block-button\"><a class=\"wp-block-button__link wp-element-button\" href=\"https:\/\/www.ufertaverne.at\/webseite\/kontakt#reservierungs-formular\">Online reservieren<\/a><\/div>\n<\/div>\n<\/div>\n<\/div>\n<\/div>\n<\/div>\n\n\n\n<div class=\"wp-block-group is-style-section-1 has-global-padding is-layout-constrained wp-block-group-is-layout-constrained is-style-section-1--6\">\n<div class=\"wp-block-media-text is-stacked-on-mobile is-vertically-aligned-center is-image-fill-element has-border-color\" style=\"border-color:#FFFFFF;margin-bottom:0;margin-left:0;padding-top:0;padding-right:0;padding-bottom:0;padding-left:0;grid-template-columns:35% auto\"><figure class=\"wp-block-media-text__media\"><img loading=\"lazy\" decoding=\"async\" width=\"1024\" height=\"768\" src=\"https:\/\/www.ufertaverne.at\/webseite\/wp-content\/uploads\/2025\/02\/ufer_home_small_3.webp\" alt=\"Ausblick der Hauptterrasse in Richtung UNO City und Donauturm.\" class=\"wp-image-2147 size-full\" style=\"object-position:50% 50%\" srcset=\"https:\/\/www.ufertaverne.at\/webseite\/wp-content\/uploads\/2025\/02\/ufer_home_small_3.webp 1024w, https:\/\/www.ufertaverne.at\/webseite\/wp-content\/uploads\/2025\/02\/ufer_home_small_3-300x225.webp 300w, https:\/\/www.ufertaverne.at\/webseite\/wp-content\/uploads\/2025\/02\/ufer_home_small_3-768x576.webp 768w\" sizes=\"auto, (max-width: 1024px) 100vw, 1024px\" \/><\/figure><div class=\"wp-block-media-text__content\">\n<div class=\"wp-block-group has-global-padding is-content-justification-center is-layout-constrained wp-block-group-is-layout-constrained\" style=\"margin-top:var(--wp--preset--spacing--40);margin-bottom:var(--wp--preset--spacing--40)\">\n<h2 class=\"wp-block-heading has-text-align-left is-style-default has-custom-mid-highlight-color has-text-color\">Idyllische Ebenen<\/h2>\n\n\n\n<p class=\"has-custom-mid-schrift-color has-text-color has-link-color wp-elements-972cd23ec8085a4627508ba71cc97c05\">Lernen Sie den zauberhaften Ausblick unserer Hauptterrasse kennen, tauchen Sie ein in die herrliche Urlaubsstimmung direkt am Wasser auf unserem Floss, entspannen Sie im gesch\u00fctzten Zwischendeck und erleben Sie die stilvolle Eleganz unseres einladenden, \u00fcberdachten und gesch\u00fctzten Bereichs \u201eLaube\u201c.<\/p>\n\n\n\n<div class=\"wp-block-buttons is-layout-flex wp-block-buttons-is-layout-flex\">\n<div class=\"wp-block-button\"><a class=\"wp-block-button__link wp-element-button\" href=\"https:\/\/www.ufertaverne.at\/webseite\/aktuelles\/\">Aktuelle Neuigkeiten<\/a><\/div>\n<\/div>\n<\/div>\n<\/div><\/div>\n<\/div>\n\n\n\n<div class=\"wp-block-group is-style-section-2 has-global-padding is-layout-constrained wp-block-group-is-layout-constrained is-style-section-2--7\">\n<div class=\"wp-block-media-text has-media-on-the-right is-stacked-on-mobile is-vertically-aligned-center is-image-fill-element\" style=\"border-top-left-radius:0px;border-top-right-radius:0px;border-bottom-left-radius:0px;border-bottom-right-radius:0px;grid-template-columns:auto 35%\"><div class=\"wp-block-media-text__content\">\n<div class=\"wp-block-group has-global-padding is-layout-constrained wp-block-group-is-layout-constrained\" style=\"margin-top:var(--wp--preset--spacing--40);margin-bottom:var(--wp--preset--spacing--40)\">\n<h2 class=\"wp-block-heading has-text-align-left has-custom-mid-highlight-color has-text-color\">Kulinarische K\u00f6stlichkeiten<\/h2>\n\n\n\n<p class=\"has-custom-mid-schrift-color has-text-color has-link-color wp-elements-28f3b4721055a41a3499c6e6f3f6ff42\">Erleben Sie eine kulinarische Reise mit unserer Vielfalt an K\u00f6stlichkeiten aus dem Wasser und den herzhaften Spezialit\u00e4ten von unserem Grill. Erg\u00e4nzt werden diese von unseren t\u00e4glich frisch und aromatisch zubereiteten Tagesempfehlungen, die wir durchgehend f\u00fcr Sie bereithalten.<\/p>\n\n\n\n<div class=\"wp-block-buttons is-content-justification-left is-layout-flex wp-container-core-buttons-is-layout-fc4fd283 wp-block-buttons-is-layout-flex\">\n<div class=\"wp-block-button is-style-fill btn-weiss\"><a class=\"wp-block-button__link wp-element-button\" href=\"https:\/\/www.ufertaverne.at\/webseite\/speisen\/\">K\u00f6stlichkeiten erforschen<\/a><\/div>\n<\/div>\n<\/div>\n<\/div><figure class=\"wp-block-media-text__media\"><img loading=\"lazy\" decoding=\"async\" width=\"600\" height=\"450\" src=\"https:\/\/www.ufertaverne.at\/webseite\/wp-content\/uploads\/2025\/02\/koestlichkeiten.jpg\" alt=\"Beispiel Speise aus dem Restaurant: Unser zart Rosa gebratenes Rumpsteak mit frischem Junggem\u00fcse und Rosmarinerd\u00e4pfel.\" class=\"wp-image-163 size-full\" style=\"object-position:50% 50%\" srcset=\"https:\/\/www.ufertaverne.at\/webseite\/wp-content\/uploads\/2025\/02\/koestlichkeiten.jpg 600w, https:\/\/www.ufertaverne.at\/webseite\/wp-content\/uploads\/2025\/02\/koestlichkeiten-300x225.jpg 300w\" sizes=\"auto, (max-width: 600px) 100vw, 600px\" \/><\/figure><\/div>\n<\/div>\n\n\n\n<div class=\"wp-block-group is-style-section-1 has-global-padding is-layout-constrained wp-block-group-is-layout-constrained is-style-section-1--8\">\n<div class=\"wp-block-media-text is-stacked-on-mobile is-vertically-aligned-center is-image-fill-element\" style=\"border-top-left-radius:0px;border-top-right-radius:0px;border-bottom-left-radius:0px;border-bottom-right-radius:0px;margin-bottom:0;padding-top:0;padding-bottom:0;grid-template-columns:35% auto\"><figure class=\"wp-block-media-text__media\"><img loading=\"lazy\" decoding=\"async\" width=\"600\" height=\"450\" src=\"https:\/\/www.ufertaverne.at\/webseite\/wp-content\/uploads\/2025\/02\/veranstaltung.jpg\" alt=\"Abbild eines Buffets bei einer Veranstaltung. \" class=\"wp-image-179 size-full\" style=\"object-position:50% 50%\" srcset=\"https:\/\/www.ufertaverne.at\/webseite\/wp-content\/uploads\/2025\/02\/veranstaltung.jpg 600w, https:\/\/www.ufertaverne.at\/webseite\/wp-content\/uploads\/2025\/02\/veranstaltung-300x225.jpg 300w\" sizes=\"auto, (max-width: 600px) 100vw, 600px\" \/><\/figure><div class=\"wp-block-media-text__content\">\n<div class=\"wp-block-group has-global-padding is-layout-constrained wp-block-group-is-layout-constrained\" style=\"margin-top:var(--wp--preset--spacing--40);margin-bottom:var(--wp--preset--spacing--40)\">\n<h2 class=\"wp-block-heading has-text-align-left has-custom-mid-highlight-color has-text-color\">Veranstaltungen<\/h2>\n\n\n\n<p class=\"has-custom-mid-schrift-color has-text-color has-link-color wp-elements-0f602dac8899a1d2153f70b76440c8e7\">In der Ufertaverne im 22. Bezirk von Wien erwartet Sie ein exklusiver Ort f\u00fcr Ihre vielf\u00e4ltigen Anl\u00e4sse und Feiern. Dieser Ort begeistert mit einem unvergleichlichen Panoramablick auf die Wiener Skyline und einem traumhaften Ambiente direkt am Wasser.<\/p>\n\n\n\n<div class=\"wp-block-buttons is-content-justification-left is-layout-flex wp-container-core-buttons-is-layout-fc4fd283 wp-block-buttons-is-layout-flex\">\n<div class=\"wp-block-button is-style-fill\"><a class=\"wp-block-button__link wp-element-button\" href=\"https:\/\/www.ufertaverne.at\/webseite\/events\/\">Veranstaltung planen<\/a><\/div>\n<\/div>\n<\/div>\n<\/div><\/div>\n<\/div>\n\n\n\n<div class=\"wp-block-group has-global-padding is-layout-constrained wp-container-core-group-is-layout-72190d31 wp-block-group-is-layout-constrained\" style=\"margin-top:0;margin-bottom:0;padding-top:0;padding-right:0;padding-bottom:0;padding-left:0\">\n<div class=\"wp-block-group is-style-section-1 has-global-padding is-layout-constrained wp-block-group-is-layout-constrained is-style-section-1--9\">\n<h2 class=\"wp-block-heading has-text-align-left\">Kontaktieren Sie jetzt die Ufertaverne, um einen Tisch zu reservieren oder Ihre Veranstaltung zu planen.<\/h2>\n\n\n\n<p class=\"has-text-align-left is-style-default\">Unser charmantes Ambiente und unsere kulinarischen K\u00f6stlichkeiten bieten die perfekte Kulisse f\u00fcr unvergessliche Momente. Lassen Sie uns gemeinsam Ihre W\u00fcnsche verwirklichen.<\/p>\n\n\n\n<div class=\"wp-block-buttons is-content-justification-left is-layout-flex wp-container-core-buttons-is-layout-fc4fd283 wp-block-buttons-is-layout-flex\">\n<div class=\"wp-block-button\"><a class=\"wp-block-button__link wp-element-button\" href=\"https:\/\/www.ufertaverne.at\/webseite\/kontakt#reservierungs-formular\">Online reservieren<\/a><\/div>\n\n\n\n<div class=\"wp-block-button\"><a class=\"wp-block-button__link wp-element-button\" href=\"https:\/\/www.ufertaverne.at\/webseite\/events\/\">Veranstaltung planen<\/a><\/div>\n<\/div>\n<\/div>\n<\/div>\n<\/div>\n","protected":false},"excerpt":{"rendered":"<p>Willkommen in der Ufertaverne, Ihrem Restaurant in 1220 Wien! Wir freuen uns, dass Sie zu uns gefunden haben. Genie\u00dfen Sie k\u00f6stliche Speisen und erfrischende Getr\u00e4nke, w\u00e4hrend Sie den einmaligen Ausblick auf die Skyline Wiens erleben, direkt am Wasser. Spargelzeit in der Ufertaverne! Frisch, zart und voller Fr\u00fchling \u2013 genie\u00dfen Sie unsere beiden Spargel-Highlights: die cremige [&hellip;]<\/p>\n","protected":false},"author":2,"featured_media":0,"parent":0,"menu_order":0,"comment_status":"closed","ping_status":"closed","template":"","meta":{"footnotes":""},"class_list":["post-3041","page","type-page","status-publish","hentry"],"_links":{"self":[{"href":"https:\/\/www.ufertaverne.at\/webseite\/wp-json\/wp\/v2\/pages\/3041","targetHints":{"allow":["GET"]}}],"collection":[{"href":"https:\/\/www.ufertaverne.at\/webseite\/wp-json\/wp\/v2\/pages"}],"about":[{"href":"https:\/\/www.ufertaverne.at\/webseite\/wp-json\/wp\/v2\/types\/page"}],"author":[{"embeddable":true,"href":"https:\/\/www.ufertaverne.at\/webseite\/wp-json\/wp\/v2\/users\/2"}],"replies":[{"embeddable":true,"href":"https:\/\/www.ufertaverne.at\/webseite\/wp-json\/wp\/v2\/comments?post=3041"}],"version-history":[{"count":20,"href":"https:\/\/www.ufertaverne.at\/webseite\/wp-json\/wp\/v2\/pages\/3041\/revisions"}],"predecessor-version":[{"id":5340,"href":"https:\/\/www.ufertaverne.at\/webseite\/wp-json\/wp\/v2\/pages\/3041\/revisions\/5340"}],"wp:attachment":[{"href":"https:\/\/www.ufertaverne.at\/webseite\/wp-json\/wp\/v2\/media?parent=3041"}],"curies":[{"name":"wp","href":"https:\/\/api.w.org\/{rel}","templated":true}]}}